{"id":2178,"date":"2024-07-11T07:04:39","date_gmt":"2024-07-11T07:04:39","guid":{"rendered":"https:\/\/n-angelina.si\/digitalisierung-des-geschaeftsbetriebs-2020\/"},"modified":"2025-11-17T08:39:31","modified_gmt":"2025-11-17T08:39:31","slug":"digitalisierung-des-geschaeftsbetriebs-2020","status":"publish","type":"page","link":"https:\/\/n-angelina.si\/de\/digitalisierung-des-geschaeftsbetriebs-2020\/","title":{"rendered":"Digitalisierung des Gesch\u00e4ftsbetriebs 2020"},"content":{"rendered":"\t\t<div data-elementor-type=\"wp-page\" data-elementor-id=\"2178\" class=\"elementor elementor-2178 elementor-1940\" data-elementor-post-type=\"page\">\n\t\t\t\t<div class=\"elementor-element elementor-element-2d81a93 e-flex e-con-boxed e-con e-parent\" data-id=\"2d81a93\" data-element_type=\"container\" data-e-type=\"container\">\n\t\t\t\t\t<div class=\"e-con-inner\">\n\t\t<div class=\"elementor-element elementor-element-c4ab219 e-con-full e-flex e-con e-child\" data-id=\"c4ab219\" data-element_type=\"container\" data-e-type=\"container\">\n\t\t\t\t<div class=\"elementor-element elementor-element-5ceeed7 elementor-widget elementor-widget-text-editor\" data-id=\"5ceeed7\" data-element_type=\"widget\" data-e-type=\"widget\" data-widget_type=\"text-editor.default\">\n\t\t\t\t<div class=\"elementor-widget-container\">\n\t\t\t\t\t\t\t\t\t<h2><a><span style=\"color: #13747d;\">Investition in Ihre Zukunft<\/span><\/a><\/h2><p>Wir von NO\u010cITVE ANGELINA Zofija \u0160krabl s.p. sind im Tourismus t\u00e4tig \u2013 wir bieten Unterk\u00fcnfte in der nat\u00fcrlichen Umgebung von Roga\u0161ka Slatina. Um uns einen Wettbewerbsvorteil gegen\u00fcber anderen Wettbewerbern zu verschaffen, haben wir in den Bau eines eigenen Schwimmbads investiert, einen Wanderweg mit Kr\u00e4utern und D\u00fcften angelegt, das EKO Marjetica-Zertifikat erworben und m\u00f6chten dies nun auch auf ausl\u00e4ndischen M\u00e4rkten vermarkten. Bei der Durchf\u00fchrung von Werbema\u00dfnahmen und der Zusammenarbeit mit unseren Lieferanten haben wir uns auch auf die Optimierung des Gesch\u00e4ftsbetriebs sowohl auf der Beschaffungs- als auch auf der Verkaufsseite konzentriert. Zu diesem Zweck haben wir uns im Rahmen der Ausschreibung der \u00f6ffentlichen Agentur SPIRIT SLOVENIJA um Mittel zur Verbesserung dieses Gesch\u00e4ftsbetriebs beworben und diese auch erhalten:<\/p><p><strong>\u00d6FFENTLICHE AUSSCHREIBUNG F\u00dcR DEN AUFBAU ODER DIE ERWEITERUNG DES ELEKTRONISCHEN GESCH\u00c4FTSVERKEHRS IN KMU IM ZEITRAUM 2019-2022 \u201eE-GESCH\u00c4FTSVERKEHR 2019-2022\u201c<\/strong><\/p><p>Im Rahmen der Aktivit\u00e4ten im Zusammenhang mit der Optimierung des Gesch\u00e4ftsbetriebs \u201eE-GESCH\u00c4FTSVERKEHR 2019-2022\u201c planen wir die Realisierung folgender Aktivit\u00e4ten:<\/p><p>&#8211; Wir werden eine Plattform f\u00fcr den elektronischen Gesch\u00e4ftsverkehr mit Lieferanten erstellen. Die Plattform wird eine teilweise Automatisierung der Arbeit, eine schnelle und gesch\u00fctzte Daten\u00fcbertragung zwischen uns und dem Partner erm\u00f6glichen,<\/p><p>&#8211; Wir werden die Website von No\u010ditve Angelina mit der Aktualisierung des Angebots f\u00fcr ausl\u00e4ndische M\u00e4rkte \u00fcberarbeiten und eine Studie \u00fcber den ganzheitlichen digitalen Auftritt des Unternehmens erstellen,<\/p><p>&#8211; Wir werden einen Online-Shop f\u00fcr den Verkauf von BIO-Duftstoffen, Tees und Lebensmitteln aus der Region erstellen und ein Logistikkonzept f\u00fcr die Lieferung von Produkten auf dem ausl\u00e4ndischen Markt entwickeln,<\/p><p>&#8211; Wir werden ein Produktverkaufsvideo unseres gesamten touristischen Angebots in slowenischer und fremder Sprache erstellen,<\/p><p>&#8211; Wir werden Schulungen zur Steigerung der Kompetenzen der Mitarbeiter im Bereich des digitalen Gesch\u00e4ftsverkehrs mit Kunden durchf\u00fchren.<\/p><p><strong>Termin der Projektdurchf\u00fchrung:<\/strong> 01.01.2020 bis 15.08.2020<\/p><p>F\u00fcr das Projekt werden wir subventionierte Mittel erhalten \u2013 die von der \u00f6ffentlichen Agentur SPIRIT Slovenija genehmigten Mittel belaufen sich auf 27.020 \u20ac.<\/p><p><strong>Die Investition wird von der Republik Slowenien und der Europ\u00e4ischen Union aus dem Europ\u00e4ischen Fonds f\u00fcr regionale Entwicklung kofinanziert<\/strong><\/p><p><br><br><\/p><p><a href=\"https:\/\/www.eu-skladi.si\/\" target=\"_blank\" rel=\"noopener\">www.eu-skladi.si<\/a><\/p>\t\t\t\t\t\t\t\t<\/div>\n\t\t\t\t<\/div>\n\t\t\t\t<\/div>\n\t\t<div class=\"elementor-element elementor-element-d53ebfc e-con-full e-flex e-con e-child\" data-id=\"d53ebfc\" data-element_type=\"container\" data-e-type=\"container\">\n\t\t\t\t<div class=\"elementor-element elementor-element-5a63ac6 elementor-widget elementor-widget-image\" data-id=\"5a63ac6\" data-element_type=\"widget\" data-e-type=\"widget\" data-widget_type=\"image.default\">\n\t\t\t\t<div class=\"elementor-widget-container\">\n\t\t\t\t\t\t\t\t\t\t\t\t\t\t\t<img fetchpriority=\"high\" decoding=\"async\" width=\"400\" height=\"170\" src=\"https:\/\/n-angelina.si\/wp-content\/uploads\/2024\/07\/unicert-1.png\" class=\"attachment-large size-large wp-image-2179\" alt=\"\" srcset=\"https:\/\/n-angelina.si\/wp-content\/uploads\/2024\/07\/unicert-1.png 400w, https:\/\/n-angelina.si\/wp-content\/uploads\/2024\/07\/unicert-1-300x128.png 300w\" sizes=\"(max-width: 400px) 100vw, 400px\" \/>\t\t\t\t\t\t\t\t\t\t\t\t\t\t\t<\/div>\n\t\t\t\t<\/div>\n\t\t\t\t<div class=\"elementor-element elementor-element-79dee3a elementor-widget elementor-widget-image\" data-id=\"79dee3a\" data-element_type=\"widget\" data-e-type=\"widget\" data-widget_type=\"image.default\">\n\t\t\t\t<div class=\"elementor-widget-container\">\n\t\t\t\t\t\t\t\t\t\t\t\t\t\t\t<img decoding=\"async\" width=\"400\" height=\"170\" src=\"https:\/\/n-angelina.si\/wp-content\/uploads\/2024\/07\/rsr.jpg\" class=\"attachment-large size-large wp-image-2180\" alt=\"\" srcset=\"https:\/\/n-angelina.si\/wp-content\/uploads\/2024\/07\/rsr.jpg 400w, https:\/\/n-angelina.si\/wp-content\/uploads\/2024\/07\/rsr-300x128.jpg 300w\" sizes=\"(max-width: 400px) 100vw, 400px\" \/>\t\t\t\t\t\t\t\t\t\t\t\t\t\t\t<\/div>\n\t\t\t\t<\/div>\n\t\t\t\t<div class=\"elementor-element elementor-element-8493240 elementor-widget elementor-widget-image\" data-id=\"8493240\" data-element_type=\"widget\" data-e-type=\"widget\" data-widget_type=\"image.default\">\n\t\t\t\t<div class=\"elementor-widget-container\">\n\t\t\t\t\t\t\t\t\t\t\t\t\t\t\t<img decoding=\"async\" width=\"400\" height=\"170\" src=\"https:\/\/n-angelina.si\/wp-content\/uploads\/2024\/07\/spirit.jpg\" class=\"attachment-large size-large wp-image-2181\" alt=\"\" srcset=\"https:\/\/n-angelina.si\/wp-content\/uploads\/2024\/07\/spirit.jpg 400w, https:\/\/n-angelina.si\/wp-content\/uploads\/2024\/07\/spirit-300x128.jpg 300w\" sizes=\"(max-width: 400px) 100vw, 400px\" \/>\t\t\t\t\t\t\t\t\t\t\t\t\t\t\t<\/div>\n\t\t\t\t<\/div>\n\t\t\t\t<\/div>\n\t\t\t\t\t<\/div>\n\t\t\t\t<\/div>\n\t\t\t\t<\/div>\n\t\t","protected":false},"excerpt":{"rendered":"<p>Investition in Ihre Zukunft Wir von NO\u010cITVE ANGELINA Zofija \u0160krabl s.p. sind im Tourismus t\u00e4tig \u2013 wir bieten Unterk\u00fcnfte in [&hellip;]<\/p>\n","protected":false},"author":1,"featured_media":0,"parent":0,"menu_order":0,"comment_status":"closed","ping_status":"closed","template":"","meta":{"site-sidebar-layout":"default","site-content-layout":"","ast-site-content-layout":"default","site-content-style":"default","site-sidebar-style":"default","ast-global-header-display":"","ast-banner-title-visibility":"","ast-main-header-display":"","ast-hfb-above-header-display":"","ast-hfb-below-header-display":"","ast-hfb-mobile-header-display":"","site-post-title":"","ast-breadcrumbs-content":"","ast-featured-img":"","footer-sml-layout":"","ast-disable-related-posts":"","theme-transparent-header-meta":"","adv-header-id-meta":"","stick-header-meta":"","header-above-stick-meta":"","header-main-stick-meta":"","header-below-stick-meta":"","astra-migrate-meta-layouts":"default","ast-page-background-enabled":"default","ast-page-background-meta":{"desktop":{"background-color":"","background-image":"","background-repeat":"repeat","background-position":"center center","background-size":"auto","background-attachment":"scroll","background-type":"","background-media":"","overlay-type":"","overlay-color":"","overlay-opacity":"","overlay-gradient":""},"tablet":{"background-color":"","background-image":"","background-repeat":"repeat","background-position":"center center","background-size":"auto","background-attachment":"scroll","background-type":"","background-media":"","overlay-type":"","overlay-color":"","overlay-opacity":"","overlay-gradient":""},"mobile":{"background-color":"","background-image":"","background-repeat":"repeat","background-position":"center center","background-size":"auto","background-attachment":"scroll","background-type":"","background-media":"","overlay-type":"","overlay-color":"","overlay-opacity":"","overlay-gradient":""}},"ast-content-background-meta":{"desktop":{"background-color":"var(--ast-global-color-5)","background-image":"","background-repeat":"repeat","background-position":"center center","background-size":"auto","background-attachment":"scroll","background-type":"","background-media":"","overlay-type":"","overlay-color":"","overlay-opacity":"","overlay-gradient":""},"tablet":{"background-color":"var(--ast-global-color-5)","background-image":"","background-repeat":"repeat","background-position":"center center","background-size":"auto","background-attachment":"scroll","background-type":"","background-media":"","overlay-type":"","overlay-color":"","overlay-opacity":"","overlay-gradient":""},"mobile":{"background-color":"var(--ast-global-color-5)","background-image":"","background-repeat":"repeat","background-position":"center center","background-size":"auto","background-attachment":"scroll","background-type":"","background-media":"","overlay-type":"","overlay-color":"","overlay-opacity":"","overlay-gradient":""}},"footnotes":""},"class_list":["post-2178","page","type-page","status-publish","hentry"],"_links":{"self":[{"href":"https:\/\/n-angelina.si\/de\/wp-json\/wp\/v2\/pages\/2178","targetHints":{"allow":["GET"]}}],"collection":[{"href":"https:\/\/n-angelina.si\/de\/wp-json\/wp\/v2\/pages"}],"about":[{"href":"https:\/\/n-angelina.si\/de\/wp-json\/wp\/v2\/types\/page"}],"author":[{"embeddable":true,"href":"https:\/\/n-angelina.si\/de\/wp-json\/wp\/v2\/users\/1"}],"replies":[{"embeddable":true,"href":"https:\/\/n-angelina.si\/de\/wp-json\/wp\/v2\/comments?post=2178"}],"version-history":[{"count":1,"href":"https:\/\/n-angelina.si\/de\/wp-json\/wp\/v2\/pages\/2178\/revisions"}],"predecessor-version":[{"id":2187,"href":"https:\/\/n-angelina.si\/de\/wp-json\/wp\/v2\/pages\/2178\/revisions\/2187"}],"wp:attachment":[{"href":"https:\/\/n-angelina.si\/de\/wp-json\/wp\/v2\/media?parent=2178"}],"curies":[{"name":"wp","href":"https:\/\/api.w.org\/{rel}","templated":true}]}}