{"id":2200,"date":"2024-07-11T07:07:48","date_gmt":"2024-07-11T07:07:48","guid":{"rendered":"https:\/\/n-angelina.si\/steigerung-der-materiellen-und-energetischen-effizienz-2020-2022\/"},"modified":"2025-11-17T08:39:40","modified_gmt":"2025-11-17T08:39:40","slug":"steigerung-der-materiellen-und-energetischen-effizienz-2020-2022","status":"publish","type":"page","link":"https:\/\/n-angelina.si\/de\/steigerung-der-materiellen-und-energetischen-effizienz-2020-2022\/","title":{"rendered":"Steigerung der materiellen und energetischen Effizienz 2020-2022"},"content":{"rendered":"\t\t<div data-elementor-type=\"wp-page\" data-elementor-id=\"2200\" class=\"elementor elementor-2200 elementor-1948\" data-elementor-post-type=\"page\">\n\t\t\t\t<div class=\"elementor-element elementor-element-2d81a93 e-flex e-con-boxed e-con e-parent\" data-id=\"2d81a93\" data-element_type=\"container\" data-e-type=\"container\">\n\t\t\t\t\t<div class=\"e-con-inner\">\n\t\t<div class=\"elementor-element elementor-element-c4ab219 e-con-full e-flex e-con e-child\" data-id=\"c4ab219\" data-element_type=\"container\" data-e-type=\"container\">\n\t\t\t\t<div class=\"elementor-element elementor-element-5ceeed7 elementor-widget elementor-widget-text-editor\" data-id=\"5ceeed7\" data-element_type=\"widget\" data-e-type=\"widget\" data-widget_type=\"text-editor.default\">\n\t\t\t\t<div class=\"elementor-widget-container\">\n\t\t\t\t\t\t\t\t\t<h2><a><span style=\"color: #13747d;\">Investition in Ihre Zukunft<\/span><\/a><\/h2><p>Das Unternehmen NO\u010cITVE ANGELINA Zofija \u0160krabl s.p. besch\u00e4ftigt sich mit der Optimierung des Gesch\u00e4ftsbetriebs \u2013 der Senkung der Energiekosten, die wir f\u00fcr die Erbringung touristischer Dienstleistungen ben\u00f6tigen. Zu diesem Zweck haben wir im Rahmen der \u00f6ffentlichen Ausschreibung des MGRT Mittel zur Verbesserung dieses Betriebs erhalten:<\/p><p><strong>\u201eUNTERST\u00dcTZUNG F\u00dcR KLEINST-, KLEINE UND MITTLERE UNTERNEHMEN AUS DEM BEREICH TOURISMUS ZUR STEIGERUNG DER MATERIELLEN UND ENERGETISCHEN EFFIZIENZ\u201c<\/strong><\/p><p>Im Rahmen der Aktivit\u00e4ten im Zusammenhang mit der energetischen Sanierung der Geb\u00e4ude <b>\u201eANGELINA \u2013 ENERGETISCHE SANIERUNG DER GEB\u00c4UDE 2020-2022\u201c<\/b> planen wir die Umsetzung folgender Aktivit\u00e4ten:<\/p><p>&#8211; werden wir eine Solaranlage zur Eigenversorgung mit Strom bauen,<\/p><p>&#8211; werden wir die Gasheizung ersetzen und sie durch eine Luft-Wasser-W\u00e4rmepumpe ersetzen,<\/p><p>&#8211; werden wir einen Teil der Beleuchtung austauschen \u2013 Installation von energiesparenden LED-Leuchten,<\/p><p>&#8211; werden wir die Isolationsschicht an der Fassade zus\u00e4tzlich verdicken,<\/p><p>&#8211; werden wir die Fenster austauschen und energieeffiziente Fenster einbauen,<\/p><p>&#8211; werden wir eine Presse zur Abfallverdichtung anschaffen \u2013 f\u00fcr Papier und Plastik,<\/p><p>&#8211; werden wir einen Betonbeh\u00e4lter f\u00fcr Regenwasser bauen.<\/p><p><strong>Projektlaufzeit:<\/strong> 01.04.2020 bis 31.03.2022<\/p><p>F\u00fcr das Projekt werden wir subventionierte Mittel erhalten \u2013 genehmigte Mittel von der \u00f6ffentlichen Agentur MGRT in H\u00f6he von 144.091,95 \u20ac.<\/p><p><strong>Die Investition wird von der Republik Slowenien und der Europ\u00e4ischen Union aus dem Europ\u00e4ischen Fonds f\u00fcr regionale Entwicklung kofinanziert.<\/strong><\/p><h2><br><br><\/h2><p><a href=\"https:\/\/www.eu-skladi.si\/\" target=\"_blank\" rel=\"noopener\">www.eu-skladi.si<\/a><\/p>\t\t\t\t\t\t\t\t<\/div>\n\t\t\t\t<\/div>\n\t\t\t\t<\/div>\n\t\t<div class=\"elementor-element elementor-element-d53ebfc e-con-full e-flex e-con e-child\" data-id=\"d53ebfc\" data-element_type=\"container\" data-e-type=\"container\">\n\t\t\t\t<div class=\"elementor-element elementor-element-5a63ac6 elementor-widget elementor-widget-image\" data-id=\"5a63ac6\" data-element_type=\"widget\" data-e-type=\"widget\" data-widget_type=\"image.default\">\n\t\t\t\t<div class=\"elementor-widget-container\">\n\t\t\t\t\t\t\t\t\t\t\t\t\t\t\t<img fetchpriority=\"high\" decoding=\"async\" width=\"400\" height=\"170\" src=\"https:\/\/n-angelina.si\/wp-content\/uploads\/2024\/07\/unicert-1.png\" class=\"attachment-large size-large wp-image-2179\" alt=\"\" srcset=\"https:\/\/n-angelina.si\/wp-content\/uploads\/2024\/07\/unicert-1.png 400w, https:\/\/n-angelina.si\/wp-content\/uploads\/2024\/07\/unicert-1-300x128.png 300w\" sizes=\"(max-width: 400px) 100vw, 400px\" \/>\t\t\t\t\t\t\t\t\t\t\t\t\t\t\t<\/div>\n\t\t\t\t<\/div>\n\t\t\t\t<div class=\"elementor-element elementor-element-79dee3a elementor-widget elementor-widget-image\" data-id=\"79dee3a\" data-element_type=\"widget\" data-e-type=\"widget\" data-widget_type=\"image.default\">\n\t\t\t\t<div class=\"elementor-widget-container\">\n\t\t\t\t\t\t\t\t\t\t\t\t\t\t\t<img decoding=\"async\" width=\"400\" height=\"170\" src=\"https:\/\/n-angelina.si\/wp-content\/uploads\/2024\/07\/rsr.jpg\" class=\"attachment-large size-large wp-image-2180\" alt=\"\" srcset=\"https:\/\/n-angelina.si\/wp-content\/uploads\/2024\/07\/rsr.jpg 400w, https:\/\/n-angelina.si\/wp-content\/uploads\/2024\/07\/rsr-300x128.jpg 300w\" sizes=\"(max-width: 400px) 100vw, 400px\" \/>\t\t\t\t\t\t\t\t\t\t\t\t\t\t\t<\/div>\n\t\t\t\t<\/div>\n\t\t\t\t<\/div>\n\t\t\t\t\t<\/div>\n\t\t\t\t<\/div>\n\t\t\t\t<\/div>\n\t\t","protected":false},"excerpt":{"rendered":"<p>Investition in Ihre Zukunft Das Unternehmen NO\u010cITVE ANGELINA Zofija \u0160krabl s.p. besch\u00e4ftigt sich mit der Optimierung des Gesch\u00e4ftsbetriebs \u2013 der [&hellip;]<\/p>\n","protected":false},"author":1,"featured_media":0,"parent":0,"menu_order":0,"comment_status":"closed","ping_status":"closed","template":"","meta":{"site-sidebar-layout":"default","site-content-layout":"","ast-site-content-layout":"default","site-content-style":"default","site-sidebar-style":"default","ast-global-header-display":"","ast-banner-title-visibility":"","ast-main-header-display":"","ast-hfb-above-header-display":"","ast-hfb-below-header-display":"","ast-hfb-mobile-header-display":"","site-post-title":"","ast-breadcrumbs-content":"","ast-featured-img":"","footer-sml-layout":"","ast-disable-related-posts":"","theme-transparent-header-meta":"","adv-header-id-meta":"","stick-header-meta":"","header-above-stick-meta":"","header-main-stick-meta":"","header-below-stick-meta":"","astra-migrate-meta-layouts":"default","ast-page-background-enabled":"default","ast-page-background-meta":{"desktop":{"background-color":"","background-image":"","background-repeat":"repeat","background-position":"center center","background-size":"auto","background-attachment":"scroll","background-type":"","background-media":"","overlay-type":"","overlay-color":"","overlay-opacity":"","overlay-gradient":""},"tablet":{"background-color":"","background-image":"","background-repeat":"repeat","background-position":"center center","background-size":"auto","background-attachment":"scroll","background-type":"","background-media":"","overlay-type":"","overlay-color":"","overlay-opacity":"","overlay-gradient":""},"mobile":{"background-color":"","background-image":"","background-repeat":"repeat","background-position":"center center","background-size":"auto","background-attachment":"scroll","background-type":"","background-media":"","overlay-type":"","overlay-color":"","overlay-opacity":"","overlay-gradient":""}},"ast-content-background-meta":{"desktop":{"background-color":"var(--ast-global-color-5)","background-image":"","background-repeat":"repeat","background-position":"center center","background-size":"auto","background-attachment":"scroll","background-type":"","background-media":"","overlay-type":"","overlay-color":"","overlay-opacity":"","overlay-gradient":""},"tablet":{"background-color":"var(--ast-global-color-5)","background-image":"","background-repeat":"repeat","background-position":"center center","background-size":"auto","background-attachment":"scroll","background-type":"","background-media":"","overlay-type":"","overlay-color":"","overlay-opacity":"","overlay-gradient":""},"mobile":{"background-color":"var(--ast-global-color-5)","background-image":"","background-repeat":"repeat","background-position":"center center","background-size":"auto","background-attachment":"scroll","background-type":"","background-media":"","overlay-type":"","overlay-color":"","overlay-opacity":"","overlay-gradient":""}},"footnotes":""},"class_list":["post-2200","page","type-page","status-publish","hentry"],"_links":{"self":[{"href":"https:\/\/n-angelina.si\/de\/wp-json\/wp\/v2\/pages\/2200","targetHints":{"allow":["GET"]}}],"collection":[{"href":"https:\/\/n-angelina.si\/de\/wp-json\/wp\/v2\/pages"}],"about":[{"href":"https:\/\/n-angelina.si\/de\/wp-json\/wp\/v2\/types\/page"}],"author":[{"embeddable":true,"href":"https:\/\/n-angelina.si\/de\/wp-json\/wp\/v2\/users\/1"}],"replies":[{"embeddable":true,"href":"https:\/\/n-angelina.si\/de\/wp-json\/wp\/v2\/comments?post=2200"}],"version-history":[{"count":1,"href":"https:\/\/n-angelina.si\/de\/wp-json\/wp\/v2\/pages\/2200\/revisions"}],"predecessor-version":[{"id":2201,"href":"https:\/\/n-angelina.si\/de\/wp-json\/wp\/v2\/pages\/2200\/revisions\/2201"}],"wp:attachment":[{"href":"https:\/\/n-angelina.si\/de\/wp-json\/wp\/v2\/media?parent=2200"}],"curies":[{"name":"wp","href":"https:\/\/api.w.org\/{rel}","templated":true}]}}