{"id":2210,"date":"2024-07-11T07:08:50","date_gmt":"2024-07-11T07:08:50","guid":{"rendered":"https:\/\/n-angelina.si\/statusumwandlung-des-unternehmens-2022\/"},"modified":"2025-11-17T08:40:37","modified_gmt":"2025-11-17T08:40:37","slug":"statusumwandlung-des-unternehmens-2022","status":"publish","type":"page","link":"https:\/\/n-angelina.si\/de\/statusumwandlung-des-unternehmens-2022\/","title":{"rendered":"Statusumwandlung des Unternehmens 2022"},"content":{"rendered":"\t\t<div data-elementor-type=\"wp-page\" data-elementor-id=\"2210\" class=\"elementor elementor-2210 elementor-1953\" data-elementor-post-type=\"page\">\n\t\t\t\t<div class=\"elementor-element elementor-element-2d81a93 e-flex e-con-boxed e-con e-parent\" data-id=\"2d81a93\" data-element_type=\"container\" data-e-type=\"container\">\n\t\t\t\t\t<div class=\"e-con-inner\">\n\t\t<div class=\"elementor-element elementor-element-c4ab219 e-con-full e-flex e-con e-child\" data-id=\"c4ab219\" data-element_type=\"container\" data-e-type=\"container\">\n\t\t\t\t<div class=\"elementor-element elementor-element-5ceeed7 elementor-widget elementor-widget-text-editor\" data-id=\"5ceeed7\" data-element_type=\"widget\" data-e-type=\"widget\" data-widget_type=\"text-editor.default\">\n\t\t\t\t<div class=\"elementor-widget-container\">\n\t\t\t\t\t\t\t\t\t<h2><a><span style=\"color: #13747d;\">Investition in Ihre Zukunft<\/span><\/a><\/h2><p>Das Unternehmen NO\u010cITVE ANGELINA Zofija \u0160krabl s.p. ist im Tourismus t\u00e4tig und bietet Unterk\u00fcnfte in der nat\u00fcrlichen Umgebung von Roga\u0161ka Slatina an. Um einen Wettbewerbsvorteil gegen\u00fcber anderen Mitbewerbern zu erzielen, haben wir in den Bau eines eigenen Pools investiert, einen Kr\u00e4uter- und Duftweg angelegt und das EKO Marjetica-Zertifikat erhalten. Wir haben auch eine energetische Sanierung der Unterkunftskapazit\u00e4ten und eine Optimierung des Betriebs sowohl auf der Einkaufs- als auch auf der Verkaufsseite durchgef\u00fchrt. Aufgrund der Kundenanforderungen und des Wunsches, die Glaubw\u00fcrdigkeit des Unternehmens, insbesondere gegen\u00fcber ausl\u00e4ndischen Gesch\u00e4ftspartnern, zu erh\u00f6hen, ben\u00f6tigen wir f\u00fcr die weitere normale Entwicklung des Unternehmens eine Statusumwandlung von der Rechtsform s.p. (Einzelunternehmen) in d.o.o. (GmbH). Zu diesem Zweck werden wir eine universelle Statusumwandlung des Unternehmens durchf\u00fchren und den gesamten Gesch\u00e4ftsbetrieb von s.p. auf d.o.o. \u00fcbertragen. Hierf\u00fcr haben wir im Rahmen des \u00f6ffentlichen Aufrufs des SLOWENISCHEN UNTERNEHMENSFONDS Mittel f\u00fcr die Durchf\u00fchrung der Statusumwandlung erhalten:<\/p><p><strong>PRVAV-11 \u2013 Gutschein f\u00fcr die Statusumwandlung von Unternehmen<\/strong><\/p><p>Im Rahmen der Aktivit\u00e4ten im Zusammenhang mit der Durchf\u00fchrung der Ma\u00dfnahme <b>\u201eStatusumwandlung des Unternehmens No\u010ditve Angelina Zofija \u0160krabl s.p.\u201c<\/b> planen wir die Umsetzung folgender Aktivit\u00e4ten:<\/p><p>&#8211; \u00dcberpr\u00fcfung des bestehenden Gesch\u00e4ftsbetriebs und Erstellung der erforderlichen Jahresabschl\u00fcsse f\u00fcr die Umwandlung,<\/p><p>&#8211; Pr\u00fcfung der Jahresabschl\u00fcsse,<\/p><p>&#8211; Erstellung aller f\u00fcr die Umwandlung erforderlichen rechtlichen Dokumente,<\/p><p>&#8211; Beglaubigung der Dokumente beim Notar,<\/p><p>&#8211; Regelung der Registrierung des neuen Unternehmens bei den zust\u00e4ndigen Beh\u00f6rden.<\/p><h2> <\/h2><p>Alle Aktivit\u00e4ten werden f\u00fcr uns von dem Unternehmen APM Posvet Ana Poga\u010dnik s.p. durchgef\u00fchrt.<\/p><h2> <\/h2><p><strong>Projektzeitraum:<\/strong> 09.2022 bis 12.2022<\/p><p>F\u00fcr das Projekt werden wir subventionierte Mittel erhalten \u2013 genehmigte Mittel vom SLOWENISCHEN UNTERNEHMENSFONDS in H\u00f6he von 5.000 \u20ac.<\/p><p><strong>Die Investition wird von der Republik Slowenien und der Europ\u00e4ischen Union aus dem Europ\u00e4ischen Fonds f\u00fcr regionale Entwicklung kofinanziert.<\/strong><\/p><h2><br><br><\/h2><p><a href=\"https:\/\/www.eu-skladi.si\/\" target=\"_blank\" rel=\"noopener\">www.eu-skladi.si<\/a><\/p>\t\t\t\t\t\t\t\t<\/div>\n\t\t\t\t<\/div>\n\t\t\t\t<\/div>\n\t\t<div class=\"elementor-element elementor-element-d53ebfc e-con-full e-flex e-con e-child\" data-id=\"d53ebfc\" data-element_type=\"container\" data-e-type=\"container\">\n\t\t\t\t<div class=\"elementor-element elementor-element-5a63ac6 elementor-widget elementor-widget-image\" data-id=\"5a63ac6\" data-element_type=\"widget\" data-e-type=\"widget\" data-widget_type=\"image.default\">\n\t\t\t\t<div class=\"elementor-widget-container\">\n\t\t\t\t\t\t\t\t\t\t\t\t\t\t\t<img fetchpriority=\"high\" decoding=\"async\" width=\"400\" height=\"170\" src=\"https:\/\/n-angelina.si\/wp-content\/uploads\/2024\/07\/unicert-1.png\" class=\"attachment-large size-large wp-image-2179\" alt=\"\" srcset=\"https:\/\/n-angelina.si\/wp-content\/uploads\/2024\/07\/unicert-1.png 400w, https:\/\/n-angelina.si\/wp-content\/uploads\/2024\/07\/unicert-1-300x128.png 300w\" sizes=\"(max-width: 400px) 100vw, 400px\" \/>\t\t\t\t\t\t\t\t\t\t\t\t\t\t\t<\/div>\n\t\t\t\t<\/div>\n\t\t\t\t<div class=\"elementor-element elementor-element-79dee3a elementor-widget elementor-widget-image\" data-id=\"79dee3a\" data-element_type=\"widget\" data-e-type=\"widget\" data-widget_type=\"image.default\">\n\t\t\t\t<div class=\"elementor-widget-container\">\n\t\t\t\t\t\t\t\t\t\t\t\t\t\t\t<img decoding=\"async\" width=\"400\" height=\"170\" src=\"https:\/\/n-angelina.si\/wp-content\/uploads\/2024\/07\/rsr.jpg\" class=\"attachment-large size-large wp-image-2180\" alt=\"\" srcset=\"https:\/\/n-angelina.si\/wp-content\/uploads\/2024\/07\/rsr.jpg 400w, https:\/\/n-angelina.si\/wp-content\/uploads\/2024\/07\/rsr-300x128.jpg 300w\" sizes=\"(max-width: 400px) 100vw, 400px\" \/>\t\t\t\t\t\t\t\t\t\t\t\t\t\t\t<\/div>\n\t\t\t\t<\/div>\n\t\t\t\t<div class=\"elementor-element elementor-element-759dac7 elementor-widget elementor-widget-image\" data-id=\"759dac7\" data-element_type=\"widget\" data-e-type=\"widget\" data-widget_type=\"image.default\">\n\t\t\t\t<div class=\"elementor-widget-container\">\n\t\t\t\t\t\t\t\t\t\t\t\t\t\t\t<img decoding=\"async\" width=\"300\" height=\"112\" src=\"https:\/\/n-angelina.si\/wp-content\/uploads\/2024\/07\/logo-300x112-1.png\" class=\"attachment-large size-large wp-image-2212\" alt=\"\" \/>\t\t\t\t\t\t\t\t\t\t\t\t\t\t\t<\/div>\n\t\t\t\t<\/div>\n\t\t\t\t<\/div>\n\t\t\t\t\t<\/div>\n\t\t\t\t<\/div>\n\t\t\t\t<\/div>\n\t\t","protected":false},"excerpt":{"rendered":"<p>Investition in Ihre Zukunft Das Unternehmen NO\u010cITVE ANGELINA Zofija \u0160krabl s.p. ist im Tourismus t\u00e4tig und bietet Unterk\u00fcnfte in der [&hellip;]<\/p>\n","protected":false},"author":1,"featured_media":0,"parent":0,"menu_order":0,"comment_status":"closed","ping_status":"closed","template":"","meta":{"site-sidebar-layout":"default","site-content-layout":"","ast-site-content-layout":"default","site-content-style":"default","site-sidebar-style":"default","ast-global-header-display":"","ast-banner-title-visibility":"","ast-main-header-display":"","ast-hfb-above-header-display":"","ast-hfb-below-header-display":"","ast-hfb-mobile-header-display":"","site-post-title":"","ast-breadcrumbs-content":"","ast-featured-img":"","footer-sml-layout":"","ast-disable-related-posts":"","theme-transparent-header-meta":"","adv-header-id-meta":"","stick-header-meta":"","header-above-stick-meta":"","header-main-stick-meta":"","header-below-stick-meta":"","astra-migrate-meta-layouts":"default","ast-page-background-enabled":"default","ast-page-background-meta":{"desktop":{"background-color":"","background-image":"","background-repeat":"repeat","background-position":"center center","background-size":"auto","background-attachment":"scroll","background-type":"","background-media":"","overlay-type":"","overlay-color":"","overlay-opacity":"","overlay-gradient":""},"tablet":{"background-color":"","background-image":"","background-repeat":"repeat","background-position":"center center","background-size":"auto","background-attachment":"scroll","background-type":"","background-media":"","overlay-type":"","overlay-color":"","overlay-opacity":"","overlay-gradient":""},"mobile":{"background-color":"","background-image":"","background-repeat":"repeat","background-position":"center center","background-size":"auto","background-attachment":"scroll","background-type":"","background-media":"","overlay-type":"","overlay-color":"","overlay-opacity":"","overlay-gradient":""}},"ast-content-background-meta":{"desktop":{"background-color":"var(--ast-global-color-5)","background-image":"","background-repeat":"repeat","background-position":"center center","background-size":"auto","background-attachment":"scroll","background-type":"","background-media":"","overlay-type":"","overlay-color":"","overlay-opacity":"","overlay-gradient":""},"tablet":{"background-color":"var(--ast-global-color-5)","background-image":"","background-repeat":"repeat","background-position":"center center","background-size":"auto","background-attachment":"scroll","background-type":"","background-media":"","overlay-type":"","overlay-color":"","overlay-opacity":"","overlay-gradient":""},"mobile":{"background-color":"var(--ast-global-color-5)","background-image":"","background-repeat":"repeat","background-position":"center center","background-size":"auto","background-attachment":"scroll","background-type":"","background-media":"","overlay-type":"","overlay-color":"","overlay-opacity":"","overlay-gradient":""}},"footnotes":""},"class_list":["post-2210","page","type-page","status-publish","hentry"],"_links":{"self":[{"href":"https:\/\/n-angelina.si\/de\/wp-json\/wp\/v2\/pages\/2210","targetHints":{"allow":["GET"]}}],"collection":[{"href":"https:\/\/n-angelina.si\/de\/wp-json\/wp\/v2\/pages"}],"about":[{"href":"https:\/\/n-angelina.si\/de\/wp-json\/wp\/v2\/types\/page"}],"author":[{"embeddable":true,"href":"https:\/\/n-angelina.si\/de\/wp-json\/wp\/v2\/users\/1"}],"replies":[{"embeddable":true,"href":"https:\/\/n-angelina.si\/de\/wp-json\/wp\/v2\/comments?post=2210"}],"version-history":[{"count":3,"href":"https:\/\/n-angelina.si\/de\/wp-json\/wp\/v2\/pages\/2210\/revisions"}],"predecessor-version":[{"id":2494,"href":"https:\/\/n-angelina.si\/de\/wp-json\/wp\/v2\/pages\/2210\/revisions\/2494"}],"wp:attachment":[{"href":"https:\/\/n-angelina.si\/de\/wp-json\/wp\/v2\/media?parent=2210"}],"curies":[{"name":"wp","href":"https:\/\/api.w.org\/{rel}","templated":true}]}}