{"id":2195,"date":"2024-07-11T07:08:50","date_gmt":"2024-07-11T07:08:50","guid":{"rendered":"https:\/\/n-angelina.si\/company-status-transformation-2022\/"},"modified":"2025-11-17T08:39:37","modified_gmt":"2025-11-17T08:39:37","slug":"company-status-transformation-2022","status":"publish","type":"page","link":"https:\/\/n-angelina.si\/en\/company-status-transformation-2022\/","title":{"rendered":"Company Status Transformation 2022"},"content":{"rendered":"\t\t<div data-elementor-type=\"wp-page\" data-elementor-id=\"2195\" class=\"elementor elementor-2195 elementor-1953\" data-elementor-post-type=\"page\">\n\t\t\t\t<div class=\"elementor-element elementor-element-2d81a93 e-flex e-con-boxed e-con e-parent\" data-id=\"2d81a93\" data-element_type=\"container\" data-e-type=\"container\">\n\t\t\t\t\t<div class=\"e-con-inner\">\n\t\t<div class=\"elementor-element elementor-element-c4ab219 e-con-full e-flex e-con e-child\" data-id=\"c4ab219\" data-element_type=\"container\" data-e-type=\"container\">\n\t\t\t\t<div class=\"elementor-element elementor-element-5ceeed7 elementor-widget elementor-widget-text-editor\" data-id=\"5ceeed7\" data-element_type=\"widget\" data-e-type=\"widget\" data-widget_type=\"text-editor.default\">\n\t\t\t\t<div class=\"elementor-widget-container\">\n\t\t\t\t\t\t\t\t\t<h2><a><span style=\"color: #13747d;\">Investment in your Future<\/span><\/a><\/h2><p>At NO\u010cITVE ANGELINA Zofija \u0160krabl s.p., we are engaged in tourism &#8211; offering accommodations in the natural environment of Roga\u0161ka Slatina. To gain a competitive advantage, we invested in building our own swimming pool, created a walking path with herbs and fragrances, and obtained the ECO Daisy certificate. We also carried out energy renovation of our accommodation facilities and optimized operations both on the purchasing and sales side. Due to customer demands and the desire to increase company credibility, especially with foreign business partners, we need to transform our company status from sole proprietorship (s.p.) to limited liability company (d.o.o.) for further normal business development. For this purpose, we will carry out a universal status transformation and transfer all operations from s.p. to d.o.o. To this end, we have obtained funds for the status transformation through the SLOVENIAN ENTERPRISE FUND public call:<\/p><p><strong>PRVAV-11 &#8211; Voucher for company status transformation<\/strong><\/p><p>As part of the activities related to the implementation of <b>&#8220;Status Transformation of Company No\u010ditve Angelina Zofija \u0160krabl s.p.&#8221;<\/b>, we plan to realize the following activities:<\/p><p>&#8211; review of existing operations and preparation of necessary financial statements for transformation,<\/p><p>&#8211; auditing of financial statements,<\/p><p>&#8211; preparation of all legal documents required for transformation,<\/p><p>&#8211; notarization of documents,<\/p><p>&#8211; handling the registration of the new company with relevant authorities.<\/p><h2> <\/h2><p>All activities will be carried out by APM Posvet Ana Poga\u010dnik s.p.<\/p><h2> <\/h2><p><strong>Project implementation period:<\/strong> 09.2022 to 12.2022<\/p><p>For the project, we will receive subsidized funds &#8211; approved funding from the SLOVENIAN ENTERPRISE FUND in the amount of \u20ac5,000.<\/p><p><strong>The investment is co-financed by the Republic of Slovenia and the European Union from the European Regional Development Fund<\/strong><\/p><h2><br><br><\/h2><p><a href=\"https:\/\/www.eu-skladi.si\/\" target=\"_blank\" rel=\"noopener\">www.eu-skladi.si<\/a><\/p>\t\t\t\t\t\t\t\t<\/div>\n\t\t\t\t<\/div>\n\t\t\t\t<\/div>\n\t\t<div class=\"elementor-element elementor-element-d53ebfc e-con-full e-flex e-con e-child\" data-id=\"d53ebfc\" data-element_type=\"container\" data-e-type=\"container\">\n\t\t\t\t<div class=\"elementor-element elementor-element-5a63ac6 elementor-widget elementor-widget-image\" data-id=\"5a63ac6\" data-element_type=\"widget\" data-e-type=\"widget\" data-widget_type=\"image.default\">\n\t\t\t\t<div class=\"elementor-widget-container\">\n\t\t\t\t\t\t\t\t\t\t\t\t\t\t\t<img fetchpriority=\"high\" decoding=\"async\" width=\"400\" height=\"170\" src=\"https:\/\/n-angelina.si\/wp-content\/uploads\/2024\/07\/unicert-1.png\" class=\"attachment-large size-large wp-image-2183\" alt=\"\" srcset=\"https:\/\/n-angelina.si\/wp-content\/uploads\/2024\/07\/unicert-1.png 400w, https:\/\/n-angelina.si\/wp-content\/uploads\/2024\/07\/unicert-1-300x128.png 300w\" sizes=\"(max-width: 400px) 100vw, 400px\" \/>\t\t\t\t\t\t\t\t\t\t\t\t\t\t\t<\/div>\n\t\t\t\t<\/div>\n\t\t\t\t<div class=\"elementor-element elementor-element-79dee3a elementor-widget elementor-widget-image\" data-id=\"79dee3a\" data-element_type=\"widget\" data-e-type=\"widget\" data-widget_type=\"image.default\">\n\t\t\t\t<div class=\"elementor-widget-container\">\n\t\t\t\t\t\t\t\t\t\t\t\t\t\t\t<img decoding=\"async\" width=\"400\" height=\"170\" src=\"https:\/\/n-angelina.si\/wp-content\/uploads\/2024\/07\/rsr.jpg\" class=\"attachment-large size-large wp-image-2184\" alt=\"\" srcset=\"https:\/\/n-angelina.si\/wp-content\/uploads\/2024\/07\/rsr.jpg 400w, https:\/\/n-angelina.si\/wp-content\/uploads\/2024\/07\/rsr-300x128.jpg 300w\" sizes=\"(max-width: 400px) 100vw, 400px\" \/>\t\t\t\t\t\t\t\t\t\t\t\t\t\t\t<\/div>\n\t\t\t\t<\/div>\n\t\t\t\t<div class=\"elementor-element elementor-element-759dac7 elementor-widget elementor-widget-image\" data-id=\"759dac7\" data-element_type=\"widget\" data-e-type=\"widget\" data-widget_type=\"image.default\">\n\t\t\t\t<div class=\"elementor-widget-container\">\n\t\t\t\t\t\t\t\t\t\t\t\t\t\t\t<img decoding=\"async\" width=\"300\" height=\"112\" src=\"https:\/\/n-angelina.si\/wp-content\/uploads\/2024\/07\/logo-300x112-1.png\" class=\"attachment-large size-large wp-image-2196\" alt=\"\" \/>\t\t\t\t\t\t\t\t\t\t\t\t\t\t\t<\/div>\n\t\t\t\t<\/div>\n\t\t\t\t<\/div>\n\t\t\t\t\t<\/div>\n\t\t\t\t<\/div>\n\t\t\t\t<\/div>\n\t\t","protected":false},"excerpt":{"rendered":"<p>Investment in your Future At NO\u010cITVE ANGELINA Zofija \u0160krabl s.p., we are engaged in tourism &#8211; offering accommodations in the [&hellip;]<\/p>\n","protected":false},"author":1,"featured_media":0,"parent":0,"menu_order":0,"comment_status":"closed","ping_status":"closed","template":"","meta":{"site-sidebar-layout":"default","site-content-layout":"","ast-site-content-layout":"default","site-content-style":"default","site-sidebar-style":"default","ast-global-header-display":"","ast-banner-title-visibility":"","ast-main-header-display":"","ast-hfb-above-header-display":"","ast-hfb-below-header-display":"","ast-hfb-mobile-header-display":"","site-post-title":"","ast-breadcrumbs-content":"","ast-featured-img":"","footer-sml-layout":"","ast-disable-related-posts":"","theme-transparent-header-meta":"","adv-header-id-meta":"","stick-header-meta":"","header-above-stick-meta":"","header-main-stick-meta":"","header-below-stick-meta":"","astra-migrate-meta-layouts":"default","ast-page-background-enabled":"default","ast-page-background-meta":{"desktop":{"background-color":"","background-image":"","background-repeat":"repeat","background-position":"center center","background-size":"auto","background-attachment":"scroll","background-type":"","background-media":"","overlay-type":"","overlay-color":"","overlay-opacity":"","overlay-gradient":""},"tablet":{"background-color":"","background-image":"","background-repeat":"repeat","background-position":"center center","background-size":"auto","background-attachment":"scroll","background-type":"","background-media":"","overlay-type":"","overlay-color":"","overlay-opacity":"","overlay-gradient":""},"mobile":{"background-color":"","background-image":"","background-repeat":"repeat","background-position":"center center","background-size":"auto","background-attachment":"scroll","background-type":"","background-media":"","overlay-type":"","overlay-color":"","overlay-opacity":"","overlay-gradient":""}},"ast-content-background-meta":{"desktop":{"background-color":"var(--ast-global-color-5)","background-image":"","background-repeat":"repeat","background-position":"center center","background-size":"auto","background-attachment":"scroll","background-type":"","background-media":"","overlay-type":"","overlay-color":"","overlay-opacity":"","overlay-gradient":""},"tablet":{"background-color":"var(--ast-global-color-5)","background-image":"","background-repeat":"repeat","background-position":"center center","background-size":"auto","background-attachment":"scroll","background-type":"","background-media":"","overlay-type":"","overlay-color":"","overlay-opacity":"","overlay-gradient":""},"mobile":{"background-color":"var(--ast-global-color-5)","background-image":"","background-repeat":"repeat","background-position":"center center","background-size":"auto","background-attachment":"scroll","background-type":"","background-media":"","overlay-type":"","overlay-color":"","overlay-opacity":"","overlay-gradient":""}},"footnotes":""},"class_list":["post-2195","page","type-page","status-publish","hentry"],"_links":{"self":[{"href":"https:\/\/n-angelina.si\/en\/wp-json\/wp\/v2\/pages\/2195","targetHints":{"allow":["GET"]}}],"collection":[{"href":"https:\/\/n-angelina.si\/en\/wp-json\/wp\/v2\/pages"}],"about":[{"href":"https:\/\/n-angelina.si\/en\/wp-json\/wp\/v2\/types\/page"}],"author":[{"embeddable":true,"href":"https:\/\/n-angelina.si\/en\/wp-json\/wp\/v2\/users\/1"}],"replies":[{"embeddable":true,"href":"https:\/\/n-angelina.si\/en\/wp-json\/wp\/v2\/comments?post=2195"}],"version-history":[{"count":1,"href":"https:\/\/n-angelina.si\/en\/wp-json\/wp\/v2\/pages\/2195\/revisions"}],"predecessor-version":[{"id":2198,"href":"https:\/\/n-angelina.si\/en\/wp-json\/wp\/v2\/pages\/2195\/revisions\/2198"}],"wp:attachment":[{"href":"https:\/\/n-angelina.si\/en\/wp-json\/wp\/v2\/media?parent=2195"}],"curies":[{"name":"wp","href":"https:\/\/api.w.org\/{rel}","templated":true}]}}